{"id":1320,"date":"2021-11-21T15:14:19","date_gmt":"2021-11-21T15:14:19","guid":{"rendered":"https:\/\/lapiair.fr\/about\/"},"modified":"2023-08-13T17:10:23","modified_gmt":"2023-08-13T15:10:23","slug":"a-propos","status":"publish","type":"page","link":"https:\/\/lapiair.fr\/?page_id=1320","title":{"rendered":"A Propos"},"content":{"rendered":"\t\t<div data-elementor-type=\"wp-page\" data-elementor-id=\"1320\" class=\"elementor elementor-1320\">\n\t\t\t\t\t\t<section class=\"elementor-section elementor-top-section elementor-element elementor-element-c8ddeb6 elementor-section-height-min-height elementor-section-boxed elementor-section-height-default elementor-section-items-middle\" data-id=\"c8ddeb6\" data-element_type=\"section\" data-e-type=\"section\" data-settings=\"{&quot;background_background&quot;:&quot;classic&quot;}\">\n\t\t\t\t\t\t\t<div class=\"elementor-background-overlay\"><\/div>\n\t\t\t\t\t\t\t<div class=\"elementor-container elementor-column-gap-default\">\n\t\t\t\t\t<div class=\"elementor-column elementor-col-100 elementor-top-column elementor-element elementor-element-6a5337e\" data-id=\"6a5337e\" data-element_type=\"column\" data-e-type=\"column\">\n\t\t\t<div class=\"elementor-widget-wrap elementor-element-populated\">\n\t\t\t\t\t\t<div class=\"elementor-element elementor-element-feefb6c elementor-widget elementor-widget-heading\" data-id=\"feefb6c\" data-element_type=\"widget\" data-e-type=\"widget\" data-widget_type=\"heading.default\">\n\t\t\t\t<div class=\"elementor-widget-container\">\n\t\t\t\t\t<h1 class=\"elementor-heading-title elementor-size-default\">A propos de L'api air<\/h1>\t\t\t\t<\/div>\n\t\t\t\t<\/div>\n\t\t\t\t\t<\/div>\n\t\t<\/div>\n\t\t\t\t\t<\/div>\n\t\t<\/section>\n\t\t\t\t<section class=\"elementor-section elementor-top-section elementor-element elementor-element-034f786 elementor-section-boxed elementor-section-height-default elementor-section-height-default\" data-id=\"034f786\" data-element_type=\"section\" data-e-type=\"section\">\n\t\t\t\t\t\t<div class=\"elementor-container elementor-column-gap-default\">\n\t\t\t\t\t<div class=\"elementor-column elementor-col-100 elementor-top-column elementor-element elementor-element-ba0c118\" data-id=\"ba0c118\" data-element_type=\"column\" data-e-type=\"column\">\n\t\t\t<div class=\"elementor-widget-wrap elementor-element-populated\">\n\t\t\t\t\t\t<div class=\"elementor-element elementor-element-3dc998b elementor-widget__width-initial elementor-widget elementor-widget-heading\" data-id=\"3dc998b\" data-element_type=\"widget\" data-e-type=\"widget\" data-widget_type=\"heading.default\">\n\t\t\t\t<div class=\"elementor-widget-container\">\n\t\t\t\t\t<h4 class=\"elementor-heading-title elementor-size-small\">Qu est ce que l\u2019apitherapie ? <br><br>L\u2019 apitherapie, qui est l\u2019art de soigner par les abeilles est l\u2019une des alternatives naturelles des plus anciennes, et, pr\u00e9sente un int\u00e9r\u00eat pour ces diff\u00e9rentes vertus connues \u00e0 ce jour, comme les produits r\u00e9colt\u00e9s et s\u00e9cr\u00e9t\u00e9s par les abeilles ; le miel, la propolis, la gel\u00e9e royale, le pollen , la cire ainsi que L\u2019air des ruches.<br><br> Comment les ruches peuvent-elles nous apporter un  tel bienfait ? <br><br>Depuis 60 ans, la pratique est courante dans plusieurs pays de l\u2019Est. Les larves d\u2019abeilles \u00e9mettent des ph\u00e9romones volatiles pour signifier leurs besoins aux ouvri\u00e8res \u00e9leveuses qui les ont en charge. Ce qui int\u00e9resse particuli\u00e8rement les chercheurs, c\u2019est le m\u00e9thyl palmitate, qui met, des souris, en r\u00e9mission totale l\u2019asthme induit par une allergisation. Ces substances pr\u00e9cieuses, telles que, les flavono\u00efdes ont un pouvoir anti-inflammatoire apparent\u00e9 aux m\u00e9dicaments utilis\u00e9s contre les allergies et les migraines. <br>C\u2019est donc une nouvelle voie th\u00e9rapeutique avec celle du soin&nbsp;des pathologies suivantes : asthme, bronchique, BPCO (La bronchopneumopathie chronique obstructive), allergie, pollen, emphys\u00e8me, rhume des foins, migraine, r\u00e9cup\u00e9ration pour les sportifs ... <br>Ce traitement \u00e0 l\u2019air des ruches permet d\u2019\u00eatre utilis\u00e9 \u00e0 tout \u00e2ges pour des effets b\u00e9n\u00e9fiques unique sur la sant\u00e9 et relaxant, sans effets secondaires notables et n\u2019alterne pas le traitement de fond. Ces effets ont une efficacit\u00e9 qui persiste de 4 \u00e0 8 mois apr\u00e8s chaque cure .<\/h4>\t\t\t\t<\/div>\n\t\t\t\t<\/div>\n\t\t\t\t<div class=\"elementor-element elementor-element-9fdb291 elementor-widget elementor-widget-image\" data-id=\"9fdb291\" data-element_type=\"widget\" data-e-type=\"widget\" data-widget_type=\"image.default\">\n\t\t\t\t<div class=\"elementor-widget-container\">\n\t\t\t\t\t\t\t\t\t\t\t\t\t\t\t<img fetchpriority=\"high\" decoding=\"async\" width=\"2560\" height=\"1495\" src=\"https:\/\/lapiair.fr\/wp-content\/uploads\/2023\/07\/image-site-scaled.jpg\" class=\"attachment-full size-full wp-image-1505\" alt=\"respiration air des ruches\" srcset=\"https:\/\/lapiair.fr\/wp-content\/uploads\/2023\/07\/image-site-scaled.jpg 2560w, https:\/\/lapiair.fr\/wp-content\/uploads\/2023\/07\/image-site-300x175.jpg 300w, https:\/\/lapiair.fr\/wp-content\/uploads\/2023\/07\/image-site-1024x598.jpg 1024w, https:\/\/lapiair.fr\/wp-content\/uploads\/2023\/07\/image-site-768x448.jpg 768w, https:\/\/lapiair.fr\/wp-content\/uploads\/2023\/07\/image-site-1536x897.jpg 1536w, https:\/\/lapiair.fr\/wp-content\/uploads\/2023\/07\/image-site-2048x1196.jpg 2048w\" sizes=\"(max-width: 2560px) 100vw, 2560px\" \/>\t\t\t\t\t\t\t\t\t\t\t\t\t\t\t<\/div>\n\t\t\t\t<\/div>\n\t\t\t\t<section class=\"elementor-section elementor-inner-section elementor-element elementor-element-d762106 elementor-section-boxed elementor-section-height-default elementor-section-height-default\" data-id=\"d762106\" data-element_type=\"section\" data-e-type=\"section\">\n\t\t\t\t\t\t<div class=\"elementor-container elementor-column-gap-default\">\n\t\t\t\t\t<div class=\"elementor-column elementor-col-50 elementor-inner-column elementor-element elementor-element-08ec54c\" data-id=\"08ec54c\" data-element_type=\"column\" data-e-type=\"column\">\n\t\t\t<div class=\"elementor-widget-wrap elementor-element-populated\">\n\t\t\t\t\t\t<div class=\"elementor-element elementor-element-d35be41 elementor-widget elementor-widget-heading\" data-id=\"d35be41\" data-element_type=\"widget\" data-e-type=\"widget\" data-widget_type=\"heading.default\">\n\t\t\t\t<div class=\"elementor-widget-container\">\n\t\t\t\t\t<h3 class=\"elementor-heading-title elementor-size-default\">Notre Mission<\/h3>\t\t\t\t<\/div>\n\t\t\t\t<\/div>\n\t\t\t\t<div class=\"elementor-element elementor-element-8fa3d11 elementor-widget elementor-widget-text-editor\" data-id=\"8fa3d11\" data-element_type=\"widget\" data-e-type=\"widget\" data-widget_type=\"text-editor.default\">\n\t\t\t\t<div class=\"elementor-widget-container\">\n\t\t\t\t\t\t\t\t\t<p>Construire le meilleur pour nos abeilles, pour qu&rsquo;elles transmettent une excellente qualit\u00e9 d&rsquo;air \u00e0 nos clients et mettre en oeuvre une apiculture plus durable et respectueuse de l&rsquo;environnement.<\/p>\t\t\t\t\t\t\t\t<\/div>\n\t\t\t\t<\/div>\n\t\t\t\t\t<\/div>\n\t\t<\/div>\n\t\t\t\t<div class=\"elementor-column elementor-col-50 elementor-inner-column elementor-element elementor-element-d30d7a1\" data-id=\"d30d7a1\" data-element_type=\"column\" data-e-type=\"column\">\n\t\t\t<div class=\"elementor-widget-wrap elementor-element-populated\">\n\t\t\t\t\t\t<div class=\"elementor-element elementor-element-6260bc9 elementor-widget elementor-widget-heading\" data-id=\"6260bc9\" data-element_type=\"widget\" data-e-type=\"widget\" data-widget_type=\"heading.default\">\n\t\t\t\t<div class=\"elementor-widget-container\">\n\t\t\t\t\t<h3 class=\"elementor-heading-title elementor-size-default\">Nos Valeurs<\/h3>\t\t\t\t<\/div>\n\t\t\t\t<\/div>\n\t\t\t\t<div class=\"elementor-element elementor-element-3a99000 elementor-widget elementor-widget-text-editor\" data-id=\"3a99000\" data-element_type=\"widget\" data-e-type=\"widget\" data-widget_type=\"text-editor.default\">\n\t\t\t\t<div class=\"elementor-widget-container\">\n\t\t\t\t\t\t\t\t\t<p>Nous nous effor\u00e7ons d&rsquo;aller au-del\u00e0 pour nos clients, peu importe le d\u00e9fi. Notre objectif est de fournir notre meilleur travail chaque jour \u00e0 travers nos services.<\/p>\t\t\t\t\t\t\t\t<\/div>\n\t\t\t\t<\/div>\n\t\t\t\t\t<\/div>\n\t\t<\/div>\n\t\t\t\t\t<\/div>\n\t\t<\/section>\n\t\t\t\t\t<\/div>\n\t\t<\/div>\n\t\t\t\t\t<\/div>\n\t\t<\/section>\n\t\t\t\t<section class=\"elementor-section elementor-top-section elementor-element elementor-element-e889fc3 elementor-section-boxed elementor-section-height-default elementor-section-height-default\" data-id=\"e889fc3\" data-element_type=\"section\" data-e-type=\"section\" data-settings=\"{&quot;background_background&quot;:&quot;classic&quot;}\">\n\t\t\t\t\t\t<div class=\"elementor-container elementor-column-gap-default\">\n\t\t\t\t\t<div class=\"elementor-column elementor-col-100 elementor-top-column elementor-element elementor-element-ebb2ba7\" data-id=\"ebb2ba7\" data-element_type=\"column\" data-e-type=\"column\">\n\t\t\t<div class=\"elementor-widget-wrap elementor-element-populated\">\n\t\t\t\t\t\t<div class=\"elementor-element elementor-element-14b6458 elementor-widget elementor-widget-image\" data-id=\"14b6458\" data-element_type=\"widget\" data-e-type=\"widget\" data-widget_type=\"image.default\">\n\t\t\t\t<div class=\"elementor-widget-container\">\n\t\t\t\t\t\t\t\t\t\t\t\t\t\t\t<img decoding=\"async\" src=\"https:\/\/lapiair.fr\/wp-content\/uploads\/2021\/11\/quotes.svg\" class=\"attachment-full size-full wp-image-117\" alt=\"\" \/>\t\t\t\t\t\t\t\t\t\t\t\t\t\t\t<\/div>\n\t\t\t\t<\/div>\n\t\t\t\t<div class=\"elementor-element elementor-element-beb0353 elementor-widget elementor-widget-heading\" data-id=\"beb0353\" data-element_type=\"widget\" data-e-type=\"widget\" data-widget_type=\"heading.default\">\n\t\t\t\t<div class=\"elementor-widget-container\">\n\t\t\t\t\t<h4 class=\"elementor-heading-title elementor-size-default\">\u201cMille merci pour ce moment de d\u00e9tente. Une ruchette de bien-\u00eatre et les abeilles que l'on entend, que l'on ressent mais qu'on ne touche pas! Une prestation unique que je vous recommande. Etant allergique aux abeilles je me suis sentie en s\u00e9curit\u00e9.\u201d<\/h4>\t\t\t\t<\/div>\n\t\t\t\t<\/div>\n\t\t\t\t<div class=\"elementor-element elementor-element-ec91cfa elementor-widget elementor-widget-text-editor\" data-id=\"ec91cfa\" data-element_type=\"widget\" data-e-type=\"widget\" data-widget_type=\"text-editor.default\">\n\t\t\t\t<div class=\"elementor-widget-container\">\n\t\t\t\t\t\t\t\t\t<p>Lannion<\/p>\t\t\t\t\t\t\t\t<\/div>\n\t\t\t\t<\/div>\n\t\t\t\t\t<\/div>\n\t\t<\/div>\n\t\t\t\t\t<\/div>\n\t\t<\/section>\n\t\t\t\t<\/div>\n\t\t","protected":false},"excerpt":{"rendered":"<p>A propos de L&rsquo;api air Qu est ce que l\u2019apitherapie ? L\u2019 apitherapie, qui est l\u2019art de soigner par les abeilles est l\u2019une des alternatives naturelles des plus anciennes, et, pr\u00e9sente un int\u00e9r\u00eat pour ces diff\u00e9rentes vertus connues \u00e0 ce jour, comme les produits r\u00e9colt\u00e9s et s\u00e9cr\u00e9t\u00e9s par les abeilles ; le miel, la propolis, [&hellip;]<\/p>\n","protected":false},"author":1,"featured_media":0,"parent":0,"menu_order":0,"comment_status":"closed","ping_status":"closed","template":"","meta":{"site-sidebar-layout":"no-sidebar","site-content-layout":"page-builder","ast-site-content-layout":"default","site-content-style":"default","site-sidebar-style":"default","ast-global-header-display":"","ast-banner-title-visibility":"","ast-main-header-display":"","ast-hfb-above-header-display":"","ast-hfb-below-header-display":"","ast-hfb-mobile-header-display":"","site-post-title":"disabled","ast-breadcrumbs-content":"","ast-featured-img":"disabled","footer-sml-layout":"","ast-disable-related-posts":"","theme-transparent-header-meta":"enabled","adv-header-id-meta":"","stick-header-meta":"","header-above-stick-meta":"","header-main-stick-meta":"","header-below-stick-meta":"","astra-migrate-meta-layouts":"default","ast-page-background-enabled":"default","ast-page-background-meta":{"desktop":{"background-color":"var(--ast-global-color-4)","background-image":"","background-repeat":"repeat","background-position":"center center","background-size":"auto","background-attachment":"scroll","background-type":"","background-media":"","overlay-type":"","overlay-color":"","overlay-opacity":"","overlay-gradient":""},"tablet":{"background-color":"","background-image":"","background-repeat":"repeat","background-position":"center center","background-size":"auto","background-attachment":"scroll","background-type":"","background-media":"","overlay-type":"","overlay-color":"","overlay-opacity":"","overlay-gradient":""},"mobile":{"background-color":"","background-image":"","background-repeat":"repeat","background-position":"center center","background-size":"auto","background-attachment":"scroll","background-type":"","background-media":"","overlay-type":"","overlay-color":"","overlay-opacity":"","overlay-gradient":""}},"ast-content-background-meta":{"desktop":{"background-color":"var(--ast-global-color-5)","background-image":"","background-repeat":"repeat","background-position":"center center","background-size":"auto","background-attachment":"scroll","background-type":"","background-media":"","overlay-type":"","overlay-color":"","overlay-opacity":"","overlay-gradient":""},"tablet":{"background-color":"var(--ast-global-color-5)","background-image":"","background-repeat":"repeat","background-position":"center center","background-size":"auto","background-attachment":"scroll","background-type":"","background-media":"","overlay-type":"","overlay-color":"","overlay-opacity":"","overlay-gradient":""},"mobile":{"background-color":"var(--ast-global-color-5)","background-image":"","background-repeat":"repeat","background-position":"center center","background-size":"auto","background-attachment":"scroll","background-type":"","background-media":"","overlay-type":"","overlay-color":"","overlay-opacity":"","overlay-gradient":""}},"footnotes":""},"class_list":["post-1320","page","type-page","status-publish","hentry"],"yoast_head":"<!-- This site is optimized with the Yoast SEO plugin v27.3 - https:\/\/yoast.com\/product\/yoast-seo-wordpress\/ -->\n<title>A Propos - L&#039;Api Air<\/title>\n<meta name=\"description\" content=\"l&#039;api air est une entreprise implanter dans les C\u00e9vennes pour faire profiter \u00e0 nos abeilles d&#039;une nature pr\u00e9serv\u00e9e et d&#039;un air des ruches de qualit\u00e9\" \/>\n<meta name=\"robots\" content=\"index, follow, max-snippet:-1, max-image-preview:large, max-video-preview:-1\" \/>\n<link rel=\"canonical\" href=\"https:\/\/lapiair.fr\/?page_id=1320\" \/>\n<meta property=\"og:locale\" content=\"fr_FR\" \/>\n<meta property=\"og:type\" content=\"article\" \/>\n<meta property=\"og:title\" content=\"A Propos - L&#039;Api Air\" \/>\n<meta property=\"og:description\" content=\"l&#039;api air est une entreprise implanter dans les C\u00e9vennes pour faire profiter \u00e0 nos abeilles d&#039;une nature pr\u00e9serv\u00e9e et d&#039;un air des ruches de qualit\u00e9\" \/>\n<meta property=\"og:url\" content=\"https:\/\/lapiair.fr\/?page_id=1320\" \/>\n<meta property=\"og:site_name\" content=\"L&#039;Api Air\" \/>\n<meta property=\"article:publisher\" content=\"https:\/\/www.facebook.com\/profile.php?id=100092477802502\" \/>\n<meta property=\"article:modified_time\" content=\"2023-08-13T15:10:23+00:00\" \/>\n<meta property=\"og:image\" content=\"https:\/\/lapiair.fr\/wp-content\/uploads\/2023\/07\/image-site-scaled.jpg\" \/>\n<meta name=\"twitter:card\" content=\"summary_large_image\" \/>\n<meta name=\"twitter:label1\" content=\"Dur\u00e9e de lecture estim\u00e9e\" \/>\n\t<meta name=\"twitter:data1\" content=\"3 minutes\" \/>\n<script type=\"application\/ld+json\" class=\"yoast-schema-graph\">{\"@context\":\"https:\\\/\\\/schema.org\",\"@graph\":[{\"@type\":\"WebPage\",\"@id\":\"https:\\\/\\\/lapiair.fr\\\/?page_id=1320\",\"url\":\"https:\\\/\\\/lapiair.fr\\\/?page_id=1320\",\"name\":\"A Propos - L'Api Air\",\"isPartOf\":{\"@id\":\"https:\\\/\\\/lapiair.fr\\\/#website\"},\"primaryImageOfPage\":{\"@id\":\"https:\\\/\\\/lapiair.fr\\\/?page_id=1320#primaryimage\"},\"image\":{\"@id\":\"https:\\\/\\\/lapiair.fr\\\/?page_id=1320#primaryimage\"},\"thumbnailUrl\":\"https:\\\/\\\/lapiair.fr\\\/wp-content\\\/uploads\\\/2023\\\/07\\\/image-site-scaled.jpg\",\"datePublished\":\"2021-11-21T15:14:19+00:00\",\"dateModified\":\"2023-08-13T15:10:23+00:00\",\"description\":\"l'api air est une entreprise implanter dans les C\u00e9vennes pour faire profiter \u00e0 nos abeilles d'une nature pr\u00e9serv\u00e9e et d'un air des ruches de qualit\u00e9\",\"breadcrumb\":{\"@id\":\"https:\\\/\\\/lapiair.fr\\\/?page_id=1320#breadcrumb\"},\"inLanguage\":\"fr-FR\",\"potentialAction\":[{\"@type\":\"ReadAction\",\"target\":[\"https:\\\/\\\/lapiair.fr\\\/?page_id=1320\"]}]},{\"@type\":\"ImageObject\",\"inLanguage\":\"fr-FR\",\"@id\":\"https:\\\/\\\/lapiair.fr\\\/?page_id=1320#primaryimage\",\"url\":\"https:\\\/\\\/lapiair.fr\\\/wp-content\\\/uploads\\\/2023\\\/07\\\/image-site-scaled.jpg\",\"contentUrl\":\"https:\\\/\\\/lapiair.fr\\\/wp-content\\\/uploads\\\/2023\\\/07\\\/image-site-scaled.jpg\",\"width\":2560,\"height\":1495,\"caption\":\"asthme migraines emphys\u00e8me allergies ronflement apn\u00e9e du sommeil\"},{\"@type\":\"BreadcrumbList\",\"@id\":\"https:\\\/\\\/lapiair.fr\\\/?page_id=1320#breadcrumb\",\"itemListElement\":[{\"@type\":\"ListItem\",\"position\":1,\"name\":\"Accueil\",\"item\":\"https:\\\/\\\/lapiair.fr\\\/\"},{\"@type\":\"ListItem\",\"position\":2,\"name\":\"A Propos\"}]},{\"@type\":\"WebSite\",\"@id\":\"https:\\\/\\\/lapiair.fr\\\/#website\",\"url\":\"https:\\\/\\\/lapiair.fr\\\/\",\"name\":\"L'Api Air\",\"description\":\"Respirer l'air des ruches, massages sur des ruches et sieste ( bien &ecirc;tre )\",\"publisher\":{\"@id\":\"https:\\\/\\\/lapiair.fr\\\/#organization\"},\"potentialAction\":[{\"@type\":\"SearchAction\",\"target\":{\"@type\":\"EntryPoint\",\"urlTemplate\":\"https:\\\/\\\/lapiair.fr\\\/?s={search_term_string}\"},\"query-input\":{\"@type\":\"PropertyValueSpecification\",\"valueRequired\":true,\"valueName\":\"search_term_string\"}}],\"inLanguage\":\"fr-FR\"},{\"@type\":\"Organization\",\"@id\":\"https:\\\/\\\/lapiair.fr\\\/#organization\",\"name\":\"L&#039;Api Air\",\"url\":\"https:\\\/\\\/lapiair.fr\\\/\",\"logo\":{\"@type\":\"ImageObject\",\"inLanguage\":\"fr-FR\",\"@id\":\"https:\\\/\\\/lapiair.fr\\\/#\\\/schema\\\/logo\\\/image\\\/\",\"url\":\"https:\\\/\\\/lapiair.fr\\\/wp-content\\\/uploads\\\/2023\\\/06\\\/cropped-logo-api-air-sans-fond-blanc-copie.png\",\"contentUrl\":\"https:\\\/\\\/lapiair.fr\\\/wp-content\\\/uploads\\\/2023\\\/06\\\/cropped-logo-api-air-sans-fond-blanc-copie.png\",\"width\":2497,\"height\":1995,\"caption\":\"L&#039;Api Air\"},\"image\":{\"@id\":\"https:\\\/\\\/lapiair.fr\\\/#\\\/schema\\\/logo\\\/image\\\/\"},\"sameAs\":[\"https:\\\/\\\/www.facebook.com\\\/profile.php?id=100092477802502\"]}]}<\/script>\n<!-- \/ Yoast SEO plugin. -->","yoast_head_json":{"title":"A Propos - L'Api Air","description":"l'api air est une entreprise implanter dans les C\u00e9vennes pour faire profiter \u00e0 nos abeilles d'une nature pr\u00e9serv\u00e9e et d'un air des ruches de qualit\u00e9","robots":{"index":"index","follow":"follow","max-snippet":"max-snippet:-1","max-image-preview":"max-image-preview:large","max-video-preview":"max-video-preview:-1"},"canonical":"https:\/\/lapiair.fr\/?page_id=1320","og_locale":"fr_FR","og_type":"article","og_title":"A Propos - L'Api Air","og_description":"l'api air est une entreprise implanter dans les C\u00e9vennes pour faire profiter \u00e0 nos abeilles d'une nature pr\u00e9serv\u00e9e et d'un air des ruches de qualit\u00e9","og_url":"https:\/\/lapiair.fr\/?page_id=1320","og_site_name":"L'Api Air","article_publisher":"https:\/\/www.facebook.com\/profile.php?id=100092477802502","article_modified_time":"2023-08-13T15:10:23+00:00","og_image":[{"url":"https:\/\/lapiair.fr\/wp-content\/uploads\/2023\/07\/image-site-scaled.jpg","type":"","width":"","height":""}],"twitter_card":"summary_large_image","twitter_misc":{"Dur\u00e9e de lecture estim\u00e9e":"3 minutes"},"schema":{"@context":"https:\/\/schema.org","@graph":[{"@type":"WebPage","@id":"https:\/\/lapiair.fr\/?page_id=1320","url":"https:\/\/lapiair.fr\/?page_id=1320","name":"A Propos - L'Api Air","isPartOf":{"@id":"https:\/\/lapiair.fr\/#website"},"primaryImageOfPage":{"@id":"https:\/\/lapiair.fr\/?page_id=1320#primaryimage"},"image":{"@id":"https:\/\/lapiair.fr\/?page_id=1320#primaryimage"},"thumbnailUrl":"https:\/\/lapiair.fr\/wp-content\/uploads\/2023\/07\/image-site-scaled.jpg","datePublished":"2021-11-21T15:14:19+00:00","dateModified":"2023-08-13T15:10:23+00:00","description":"l'api air est une entreprise implanter dans les C\u00e9vennes pour faire profiter \u00e0 nos abeilles d'une nature pr\u00e9serv\u00e9e et d'un air des ruches de qualit\u00e9","breadcrumb":{"@id":"https:\/\/lapiair.fr\/?page_id=1320#breadcrumb"},"inLanguage":"fr-FR","potentialAction":[{"@type":"ReadAction","target":["https:\/\/lapiair.fr\/?page_id=1320"]}]},{"@type":"ImageObject","inLanguage":"fr-FR","@id":"https:\/\/lapiair.fr\/?page_id=1320#primaryimage","url":"https:\/\/lapiair.fr\/wp-content\/uploads\/2023\/07\/image-site-scaled.jpg","contentUrl":"https:\/\/lapiair.fr\/wp-content\/uploads\/2023\/07\/image-site-scaled.jpg","width":2560,"height":1495,"caption":"asthme migraines emphys\u00e8me allergies ronflement apn\u00e9e du sommeil"},{"@type":"BreadcrumbList","@id":"https:\/\/lapiair.fr\/?page_id=1320#breadcrumb","itemListElement":[{"@type":"ListItem","position":1,"name":"Accueil","item":"https:\/\/lapiair.fr\/"},{"@type":"ListItem","position":2,"name":"A Propos"}]},{"@type":"WebSite","@id":"https:\/\/lapiair.fr\/#website","url":"https:\/\/lapiair.fr\/","name":"L'Api Air","description":"Respirer l'air des ruches, massages sur des ruches et sieste ( bien &ecirc;tre )","publisher":{"@id":"https:\/\/lapiair.fr\/#organization"},"potentialAction":[{"@type":"SearchAction","target":{"@type":"EntryPoint","urlTemplate":"https:\/\/lapiair.fr\/?s={search_term_string}"},"query-input":{"@type":"PropertyValueSpecification","valueRequired":true,"valueName":"search_term_string"}}],"inLanguage":"fr-FR"},{"@type":"Organization","@id":"https:\/\/lapiair.fr\/#organization","name":"L&#039;Api Air","url":"https:\/\/lapiair.fr\/","logo":{"@type":"ImageObject","inLanguage":"fr-FR","@id":"https:\/\/lapiair.fr\/#\/schema\/logo\/image\/","url":"https:\/\/lapiair.fr\/wp-content\/uploads\/2023\/06\/cropped-logo-api-air-sans-fond-blanc-copie.png","contentUrl":"https:\/\/lapiair.fr\/wp-content\/uploads\/2023\/06\/cropped-logo-api-air-sans-fond-blanc-copie.png","width":2497,"height":1995,"caption":"L&#039;Api Air"},"image":{"@id":"https:\/\/lapiair.fr\/#\/schema\/logo\/image\/"},"sameAs":["https:\/\/www.facebook.com\/profile.php?id=100092477802502"]}]}},"_links":{"self":[{"href":"https:\/\/lapiair.fr\/index.php?rest_route=\/wp\/v2\/pages\/1320","targetHints":{"allow":["GET"]}}],"collection":[{"href":"https:\/\/lapiair.fr\/index.php?rest_route=\/wp\/v2\/pages"}],"about":[{"href":"https:\/\/lapiair.fr\/index.php?rest_route=\/wp\/v2\/types\/page"}],"author":[{"embeddable":true,"href":"https:\/\/lapiair.fr\/index.php?rest_route=\/wp\/v2\/users\/1"}],"replies":[{"embeddable":true,"href":"https:\/\/lapiair.fr\/index.php?rest_route=%2Fwp%2Fv2%2Fcomments&post=1320"}],"version-history":[{"count":29,"href":"https:\/\/lapiair.fr\/index.php?rest_route=\/wp\/v2\/pages\/1320\/revisions"}],"predecessor-version":[{"id":1544,"href":"https:\/\/lapiair.fr\/index.php?rest_route=\/wp\/v2\/pages\/1320\/revisions\/1544"}],"wp:attachment":[{"href":"https:\/\/lapiair.fr\/index.php?rest_route=%2Fwp%2Fv2%2Fmedia&parent=1320"}],"curies":[{"name":"wp","href":"https:\/\/api.w.org\/{rel}","templated":true}]}}